{"id":3888,"date":"2025-06-25T09:12:08","date_gmt":"2025-06-25T07:12:08","guid":{"rendered":"https:\/\/maquinadeocasion.es\/?post_type=product&#038;p=3888"},"modified":"2025-08-06T10:11:28","modified_gmt":"2025-08-06T08:11:28","slug":"syncro-185-5100","status":"publish","type":"product","link":"https:\/\/maquinadeocasion.es\/en\/tienda\/plegadora\/syncro-185-5100\/","title":{"rendered":"SYNCRO 185 &#8211; 5100"},"content":{"rendered":"<div class=\"fusion-fullwidth fullwidth-box fusion-builder-row-1 fusion-flex-container has-pattern-background has-mask-background nonhundred-percent-fullwidth non-hundred-percent-height-scrolling\" style=\"--awb-border-radius-top-left:0px;--awb-border-radius-top-right:0px;--awb-border-radius-bottom-right:0px;--awb-border-radius-bottom-left:0px;--awb-flex-wrap:wrap;\" ><div class=\"fusion-builder-row fusion-row fusion-flex-align-items-flex-start fusion-flex-content-wrap\" style=\"max-width:1185.6px;margin-left: calc(-4% \/ 2 );margin-right: calc(-4% \/ 2 );\"><div class=\"fusion-layout-column fusion_builder_column fusion-builder-column-0 fusion_builder_column_1_1 1_1 fusion-flex-column\" style=\"--awb-bg-size:cover;--awb-width-large:100%;--awb-margin-top-large:0px;--awb-spacing-right-large:1.92%;--awb-margin-bottom-large:0px;--awb-spacing-left-large:1.92%;--awb-width-medium:100%;--awb-order-medium:0;--awb-spacing-right-medium:1.92%;--awb-spacing-left-medium:1.92%;--awb-width-small:100%;--awb-order-small:0;--awb-spacing-right-small:1.92%;--awb-spacing-left-small:1.92%;\"><div class=\"fusion-column-wrapper fusion-column-has-shadow fusion-flex-justify-content-flex-start fusion-content-layout-column\"><\/div><\/div><\/div><\/div>\n","protected":false},"excerpt":{"rendered":"","protected":false},"featured_media":3889,"comment_status":"open","ping_status":"closed","template":"","meta":{"_acf_changed":false},"product_brand":[],"product_cat":[26],"product_tag":[100],"class_list":{"0":"post-3888","1":"product","2":"type-product","3":"status-publish","4":"has-post-thumbnail","6":"product_cat-plegadora","7":"product_tag-axial","9":"first","10":"instock","11":"shipping-taxable","12":"product-type-simple"},"acf":[],"yoast_head":"<!-- This site is optimized with the Yoast SEO plugin v26.5 - https:\/\/yoast.com\/wordpress\/plugins\/seo\/ -->\n<title>SYNCRO 185 - 5100 - MAQUINA DE OCASION<\/title>\n<meta name=\"description\" content=\"Plegadora Axial de ocasi\u00f3n, fabricada en Espa\u00f1a en 2016 con 185 toneladas de fuerza y una distancia m\u00e1xima de plegado de 5.100 mm.\" \/>\n<meta name=\"robots\" content=\"index, follow, max-snippet:-1, max-image-preview:large, max-video-preview:-1\" \/>\n<link rel=\"canonical\" href=\"https:\/\/maquinadeocasion.es\/en\/tienda\/plegadora\/syncro-185-5100\/\" \/>\n<meta property=\"og:locale\" content=\"en_US\" \/>\n<meta property=\"og:type\" content=\"article\" \/>\n<meta property=\"og:title\" content=\"SYNCRO 185 - 5100 - MAQUINA DE OCASION\" \/>\n<meta property=\"og:description\" content=\"Plegadora Axial de ocasi\u00f3n, fabricada en Espa\u00f1a en 2016 con 185 toneladas de fuerza y una distancia m\u00e1xima de plegado de 5.100 mm.\" \/>\n<meta property=\"og:url\" content=\"https:\/\/maquinadeocasion.es\/en\/tienda\/plegadora\/syncro-185-5100\/\" \/>\n<meta property=\"og:site_name\" content=\"MAQUINA DE OCASION\" \/>\n<meta property=\"article:modified_time\" content=\"2025-08-06T08:11:28+00:00\" \/>\n<meta property=\"og:image\" content=\"https:\/\/maquinadeocasion.es\/wp-content\/uploads\/2025\/06\/Plegadora-Axial-185-5100-maquinadeocasion.es-1.jpeg\" \/>\n\t<meta property=\"og:image:width\" content=\"1600\" \/>\n\t<meta property=\"og:image:height\" content=\"900\" \/>\n\t<meta property=\"og:image:type\" content=\"image\/jpeg\" \/>\n<meta name=\"twitter:card\" content=\"summary_large_image\" \/>\n<meta name=\"twitter:label1\" content=\"Est. reading time\" \/>\n\t<meta name=\"twitter:data1\" content=\"1 minute\" \/>\n<script type=\"application\/ld+json\" class=\"yoast-schema-graph\">{\"@context\":\"https:\/\/schema.org\",\"@graph\":[{\"@type\":\"WebPage\",\"@id\":\"https:\/\/maquinadeocasion.es\/en\/tienda\/plegadora\/syncro-185-5100\/\",\"url\":\"https:\/\/maquinadeocasion.es\/en\/tienda\/plegadora\/syncro-185-5100\/\",\"name\":\"SYNCRO 185 - 5100 - MAQUINA DE OCASION\",\"isPartOf\":{\"@id\":\"https:\/\/maquinadeocasion.es\/en\/#website\"},\"primaryImageOfPage\":{\"@id\":\"https:\/\/maquinadeocasion.es\/en\/tienda\/plegadora\/syncro-185-5100\/#primaryimage\"},\"image\":{\"@id\":\"https:\/\/maquinadeocasion.es\/en\/tienda\/plegadora\/syncro-185-5100\/#primaryimage\"},\"thumbnailUrl\":\"https:\/\/maquinadeocasion.es\/wp-content\/uploads\/2025\/06\/Plegadora-Axial-185-5100-maquinadeocasion.es-1.jpeg\",\"datePublished\":\"2025-06-25T07:12:08+00:00\",\"dateModified\":\"2025-08-06T08:11:28+00:00\",\"description\":\"Plegadora Axial de ocasi\u00f3n, fabricada en Espa\u00f1a en 2016 con 185 toneladas de fuerza y una distancia m\u00e1xima de plegado de 5.100 mm.\",\"breadcrumb\":{\"@id\":\"https:\/\/maquinadeocasion.es\/en\/tienda\/plegadora\/syncro-185-5100\/#breadcrumb\"},\"inLanguage\":\"en-US\",\"potentialAction\":[{\"@type\":\"ReadAction\",\"target\":[\"https:\/\/maquinadeocasion.es\/en\/tienda\/plegadora\/syncro-185-5100\/\"]}]},{\"@type\":\"ImageObject\",\"inLanguage\":\"en-US\",\"@id\":\"https:\/\/maquinadeocasion.es\/en\/tienda\/plegadora\/syncro-185-5100\/#primaryimage\",\"url\":\"https:\/\/maquinadeocasion.es\/wp-content\/uploads\/2025\/06\/Plegadora-Axial-185-5100-maquinadeocasion.es-1.jpeg\",\"contentUrl\":\"https:\/\/maquinadeocasion.es\/wp-content\/uploads\/2025\/06\/Plegadora-Axial-185-5100-maquinadeocasion.es-1.jpeg\",\"width\":1600,\"height\":900},{\"@type\":\"BreadcrumbList\",\"@id\":\"https:\/\/maquinadeocasion.es\/en\/tienda\/plegadora\/syncro-185-5100\/#breadcrumb\",\"itemListElement\":[{\"@type\":\"ListItem\",\"position\":1,\"name\":\"Inicio\",\"item\":\"https:\/\/maquinadeocasion.es\/en\/second-hand-machine\/\"},{\"@type\":\"ListItem\",\"position\":2,\"name\":\"Tienda\",\"item\":\"https:\/\/maquinadeocasion.es\/tienda\/\"},{\"@type\":\"ListItem\",\"position\":3,\"name\":\"Plegadora\",\"item\":\"https:\/\/maquinadeocasion.es\/categoria-producto\/plegadora\/\"},{\"@type\":\"ListItem\",\"position\":4,\"name\":\"SYNCRO 185 &#8211; 5100\"}]},{\"@type\":\"WebSite\",\"@id\":\"https:\/\/maquinadeocasion.es\/en\/#website\",\"url\":\"https:\/\/maquinadeocasion.es\/en\/\",\"name\":\"MAQUINA DE OCASION\",\"description\":\"Maquinaria para el corte, deformaci\u00f3n y tratamiento superficial de la chapa met\u00e1lica\",\"potentialAction\":[{\"@type\":\"SearchAction\",\"target\":{\"@type\":\"EntryPoint\",\"urlTemplate\":\"https:\/\/maquinadeocasion.es\/en\/?s={search_term_string}\"},\"query-input\":{\"@type\":\"PropertyValueSpecification\",\"valueRequired\":true,\"valueName\":\"search_term_string\"}}],\"inLanguage\":\"en-US\"}]}<\/script>\n<!-- \/ Yoast SEO plugin. -->","yoast_head_json":{"title":"SYNCRO 185 - 5100 - MAQUINA DE OCASION","description":"Plegadora Axial de ocasi\u00f3n, fabricada en Espa\u00f1a en 2016 con 185 toneladas de fuerza y una distancia m\u00e1xima de plegado de 5.100 mm.","robots":{"index":"index","follow":"follow","max-snippet":"max-snippet:-1","max-image-preview":"max-image-preview:large","max-video-preview":"max-video-preview:-1"},"canonical":"https:\/\/maquinadeocasion.es\/en\/tienda\/plegadora\/syncro-185-5100\/","og_locale":"en_US","og_type":"article","og_title":"SYNCRO 185 - 5100 - MAQUINA DE OCASION","og_description":"Plegadora Axial de ocasi\u00f3n, fabricada en Espa\u00f1a en 2016 con 185 toneladas de fuerza y una distancia m\u00e1xima de plegado de 5.100 mm.","og_url":"https:\/\/maquinadeocasion.es\/en\/tienda\/plegadora\/syncro-185-5100\/","og_site_name":"MAQUINA DE OCASION","article_modified_time":"2025-08-06T08:11:28+00:00","og_image":[{"width":1600,"height":900,"url":"https:\/\/maquinadeocasion.es\/wp-content\/uploads\/2025\/06\/Plegadora-Axial-185-5100-maquinadeocasion.es-1.jpeg","type":"image\/jpeg"}],"twitter_card":"summary_large_image","twitter_misc":{"Est. reading time":"1 minute"},"schema":{"@context":"https:\/\/schema.org","@graph":[{"@type":"WebPage","@id":"https:\/\/maquinadeocasion.es\/en\/tienda\/plegadora\/syncro-185-5100\/","url":"https:\/\/maquinadeocasion.es\/en\/tienda\/plegadora\/syncro-185-5100\/","name":"SYNCRO 185 - 5100 - MAQUINA DE OCASION","isPartOf":{"@id":"https:\/\/maquinadeocasion.es\/en\/#website"},"primaryImageOfPage":{"@id":"https:\/\/maquinadeocasion.es\/en\/tienda\/plegadora\/syncro-185-5100\/#primaryimage"},"image":{"@id":"https:\/\/maquinadeocasion.es\/en\/tienda\/plegadora\/syncro-185-5100\/#primaryimage"},"thumbnailUrl":"https:\/\/maquinadeocasion.es\/wp-content\/uploads\/2025\/06\/Plegadora-Axial-185-5100-maquinadeocasion.es-1.jpeg","datePublished":"2025-06-25T07:12:08+00:00","dateModified":"2025-08-06T08:11:28+00:00","description":"Plegadora Axial de ocasi\u00f3n, fabricada en Espa\u00f1a en 2016 con 185 toneladas de fuerza y una distancia m\u00e1xima de plegado de 5.100 mm.","breadcrumb":{"@id":"https:\/\/maquinadeocasion.es\/en\/tienda\/plegadora\/syncro-185-5100\/#breadcrumb"},"inLanguage":"en-US","potentialAction":[{"@type":"ReadAction","target":["https:\/\/maquinadeocasion.es\/en\/tienda\/plegadora\/syncro-185-5100\/"]}]},{"@type":"ImageObject","inLanguage":"en-US","@id":"https:\/\/maquinadeocasion.es\/en\/tienda\/plegadora\/syncro-185-5100\/#primaryimage","url":"https:\/\/maquinadeocasion.es\/wp-content\/uploads\/2025\/06\/Plegadora-Axial-185-5100-maquinadeocasion.es-1.jpeg","contentUrl":"https:\/\/maquinadeocasion.es\/wp-content\/uploads\/2025\/06\/Plegadora-Axial-185-5100-maquinadeocasion.es-1.jpeg","width":1600,"height":900},{"@type":"BreadcrumbList","@id":"https:\/\/maquinadeocasion.es\/en\/tienda\/plegadora\/syncro-185-5100\/#breadcrumb","itemListElement":[{"@type":"ListItem","position":1,"name":"Inicio","item":"https:\/\/maquinadeocasion.es\/en\/second-hand-machine\/"},{"@type":"ListItem","position":2,"name":"Tienda","item":"https:\/\/maquinadeocasion.es\/tienda\/"},{"@type":"ListItem","position":3,"name":"Plegadora","item":"https:\/\/maquinadeocasion.es\/categoria-producto\/plegadora\/"},{"@type":"ListItem","position":4,"name":"SYNCRO 185 &#8211; 5100"}]},{"@type":"WebSite","@id":"https:\/\/maquinadeocasion.es\/en\/#website","url":"https:\/\/maquinadeocasion.es\/en\/","name":"MAQUINA DE OCASION","description":"Maquinaria para el corte, deformaci\u00f3n y tratamiento superficial de la chapa met\u00e1lica","potentialAction":[{"@type":"SearchAction","target":{"@type":"EntryPoint","urlTemplate":"https:\/\/maquinadeocasion.es\/en\/?s={search_term_string}"},"query-input":{"@type":"PropertyValueSpecification","valueRequired":true,"valueName":"search_term_string"}}],"inLanguage":"en-US"}]}},"_links":{"self":[{"href":"https:\/\/maquinadeocasion.es\/en\/wp-json\/wp\/v2\/product\/3888","targetHints":{"allow":["GET"]}}],"collection":[{"href":"https:\/\/maquinadeocasion.es\/en\/wp-json\/wp\/v2\/product"}],"about":[{"href":"https:\/\/maquinadeocasion.es\/en\/wp-json\/wp\/v2\/types\/product"}],"replies":[{"embeddable":true,"href":"https:\/\/maquinadeocasion.es\/en\/wp-json\/wp\/v2\/comments?post=3888"}],"wp:featuredmedia":[{"embeddable":true,"href":"https:\/\/maquinadeocasion.es\/en\/wp-json\/wp\/v2\/media\/3889"}],"wp:attachment":[{"href":"https:\/\/maquinadeocasion.es\/en\/wp-json\/wp\/v2\/media?parent=3888"}],"wp:term":[{"taxonomy":"product_brand","embeddable":true,"href":"https:\/\/maquinadeocasion.es\/en\/wp-json\/wp\/v2\/product_brand?post=3888"},{"taxonomy":"product_cat","embeddable":true,"href":"https:\/\/maquinadeocasion.es\/en\/wp-json\/wp\/v2\/product_cat?post=3888"},{"taxonomy":"product_tag","embeddable":true,"href":"https:\/\/maquinadeocasion.es\/en\/wp-json\/wp\/v2\/product_tag?post=3888"}],"curies":[{"name":"wp","href":"https:\/\/api.w.org\/{rel}","templated":true}]}}