{"id":3776,"date":"2025-06-02T08:54:00","date_gmt":"2025-06-02T06:54:00","guid":{"rendered":"https:\/\/maquinadeocasion.es\/?post_type=product&#038;p=3776"},"modified":"2025-07-15T13:55:48","modified_gmt":"2025-07-15T11:55:48","slug":"teknos-4000","status":"publish","type":"product","link":"https:\/\/maquinadeocasion.es\/en\/tienda\/laser\/teknos-4000\/","title":{"rendered":"TEKNOS 4000"},"content":{"rendered":"","protected":false},"excerpt":{"rendered":"","protected":false},"featured_media":3777,"comment_status":"open","ping_status":"closed","template":"","meta":{"_acf_changed":false},"product_brand":[],"product_cat":[19,25],"product_tag":[67],"class_list":{"0":"post-3776","1":"product","2":"type-product","3":"status-publish","4":"has-post-thumbnail","6":"product_cat-laser","7":"product_cat-plasma","8":"product_tag-tecoi","10":"first","11":"instock","12":"shipping-taxable","13":"product-type-simple"},"acf":[],"yoast_head":"<!-- This site is optimized with the Yoast SEO plugin v26.5 - https:\/\/yoast.com\/wordpress\/plugins\/seo\/ -->\n<title>TEKNOS 4000 - MAQUINA DE OCASION<\/title>\n<meta name=\"description\" content=\"M\u00e1quina de corte (plasma, oxicorte y taladro) para grandes dimensiones TECOI modelo TEKNOS del 2017 en buen estado. M\u00e1quina de Ocasi\u00f3n.\" \/>\n<meta name=\"robots\" content=\"index, follow, max-snippet:-1, max-image-preview:large, max-video-preview:-1\" \/>\n<link rel=\"canonical\" href=\"https:\/\/maquinadeocasion.es\/en\/tienda\/laser\/teknos-4000\/\" \/>\n<meta property=\"og:locale\" content=\"en_US\" \/>\n<meta property=\"og:type\" content=\"article\" \/>\n<meta property=\"og:title\" content=\"TEKNOS 4000 - MAQUINA DE OCASION\" \/>\n<meta property=\"og:description\" content=\"M\u00e1quina de corte (plasma, oxicorte y taladro) para grandes dimensiones TECOI modelo TEKNOS del 2017 en buen estado. M\u00e1quina de Ocasi\u00f3n.\" \/>\n<meta property=\"og:url\" content=\"https:\/\/maquinadeocasion.es\/en\/tienda\/laser\/teknos-4000\/\" \/>\n<meta property=\"og:site_name\" content=\"MAQUINA DE OCASION\" \/>\n<meta property=\"article:modified_time\" content=\"2025-07-15T11:55:48+00:00\" \/>\n<meta property=\"og:image\" content=\"https:\/\/maquinadeocasion.es\/wp-content\/uploads\/2025\/06\/1545.jpg\" \/>\n\t<meta property=\"og:image:width\" content=\"1536\" \/>\n\t<meta property=\"og:image:height\" content=\"1482\" \/>\n\t<meta property=\"og:image:type\" content=\"image\/jpeg\" \/>\n<meta name=\"twitter:card\" content=\"summary_large_image\" \/>\n<meta name=\"twitter:label1\" content=\"Est. reading time\" \/>\n\t<meta name=\"twitter:data1\" content=\"1 minute\" \/>\n<script type=\"application\/ld+json\" class=\"yoast-schema-graph\">{\"@context\":\"https:\/\/schema.org\",\"@graph\":[{\"@type\":\"WebPage\",\"@id\":\"https:\/\/maquinadeocasion.es\/en\/tienda\/laser\/teknos-4000\/\",\"url\":\"https:\/\/maquinadeocasion.es\/en\/tienda\/laser\/teknos-4000\/\",\"name\":\"TEKNOS 4000 - MAQUINA DE OCASION\",\"isPartOf\":{\"@id\":\"https:\/\/maquinadeocasion.es\/en\/#website\"},\"primaryImageOfPage\":{\"@id\":\"https:\/\/maquinadeocasion.es\/en\/tienda\/laser\/teknos-4000\/#primaryimage\"},\"image\":{\"@id\":\"https:\/\/maquinadeocasion.es\/en\/tienda\/laser\/teknos-4000\/#primaryimage\"},\"thumbnailUrl\":\"https:\/\/maquinadeocasion.es\/wp-content\/uploads\/2025\/06\/1545.jpg\",\"datePublished\":\"2025-06-02T06:54:00+00:00\",\"dateModified\":\"2025-07-15T11:55:48+00:00\",\"description\":\"M\u00e1quina de corte (plasma, oxicorte y taladro) para grandes dimensiones TECOI modelo TEKNOS del 2017 en buen estado. M\u00e1quina de Ocasi\u00f3n.\",\"breadcrumb\":{\"@id\":\"https:\/\/maquinadeocasion.es\/en\/tienda\/laser\/teknos-4000\/#breadcrumb\"},\"inLanguage\":\"en-US\",\"potentialAction\":[{\"@type\":\"ReadAction\",\"target\":[\"https:\/\/maquinadeocasion.es\/en\/tienda\/laser\/teknos-4000\/\"]}]},{\"@type\":\"ImageObject\",\"inLanguage\":\"en-US\",\"@id\":\"https:\/\/maquinadeocasion.es\/en\/tienda\/laser\/teknos-4000\/#primaryimage\",\"url\":\"https:\/\/maquinadeocasion.es\/wp-content\/uploads\/2025\/06\/1545.jpg\",\"contentUrl\":\"https:\/\/maquinadeocasion.es\/wp-content\/uploads\/2025\/06\/1545.jpg\",\"width\":1536,\"height\":1482},{\"@type\":\"BreadcrumbList\",\"@id\":\"https:\/\/maquinadeocasion.es\/en\/tienda\/laser\/teknos-4000\/#breadcrumb\",\"itemListElement\":[{\"@type\":\"ListItem\",\"position\":1,\"name\":\"Inicio\",\"item\":\"https:\/\/maquinadeocasion.es\/en\/second-hand-machine\/\"},{\"@type\":\"ListItem\",\"position\":2,\"name\":\"Tienda\",\"item\":\"https:\/\/maquinadeocasion.es\/tienda\/\"},{\"@type\":\"ListItem\",\"position\":3,\"name\":\"Plasma\",\"item\":\"https:\/\/maquinadeocasion.es\/categoria-producto\/plasma\/\"},{\"@type\":\"ListItem\",\"position\":4,\"name\":\"TEKNOS 4000\"}]},{\"@type\":\"WebSite\",\"@id\":\"https:\/\/maquinadeocasion.es\/en\/#website\",\"url\":\"https:\/\/maquinadeocasion.es\/en\/\",\"name\":\"MAQUINA DE OCASION\",\"description\":\"Maquinaria para el corte, deformaci\u00f3n y tratamiento superficial de la chapa met\u00e1lica\",\"potentialAction\":[{\"@type\":\"SearchAction\",\"target\":{\"@type\":\"EntryPoint\",\"urlTemplate\":\"https:\/\/maquinadeocasion.es\/en\/?s={search_term_string}\"},\"query-input\":{\"@type\":\"PropertyValueSpecification\",\"valueRequired\":true,\"valueName\":\"search_term_string\"}}],\"inLanguage\":\"en-US\"}]}<\/script>\n<!-- \/ Yoast SEO plugin. -->","yoast_head_json":{"title":"TEKNOS 4000 - MAQUINA DE OCASION","description":"M\u00e1quina de corte (plasma, oxicorte y taladro) para grandes dimensiones TECOI modelo TEKNOS del 2017 en buen estado. M\u00e1quina de Ocasi\u00f3n.","robots":{"index":"index","follow":"follow","max-snippet":"max-snippet:-1","max-image-preview":"max-image-preview:large","max-video-preview":"max-video-preview:-1"},"canonical":"https:\/\/maquinadeocasion.es\/en\/tienda\/laser\/teknos-4000\/","og_locale":"en_US","og_type":"article","og_title":"TEKNOS 4000 - MAQUINA DE OCASION","og_description":"M\u00e1quina de corte (plasma, oxicorte y taladro) para grandes dimensiones TECOI modelo TEKNOS del 2017 en buen estado. M\u00e1quina de Ocasi\u00f3n.","og_url":"https:\/\/maquinadeocasion.es\/en\/tienda\/laser\/teknos-4000\/","og_site_name":"MAQUINA DE OCASION","article_modified_time":"2025-07-15T11:55:48+00:00","og_image":[{"width":1536,"height":1482,"url":"https:\/\/maquinadeocasion.es\/wp-content\/uploads\/2025\/06\/1545.jpg","type":"image\/jpeg"}],"twitter_card":"summary_large_image","twitter_misc":{"Est. reading time":"1 minute"},"schema":{"@context":"https:\/\/schema.org","@graph":[{"@type":"WebPage","@id":"https:\/\/maquinadeocasion.es\/en\/tienda\/laser\/teknos-4000\/","url":"https:\/\/maquinadeocasion.es\/en\/tienda\/laser\/teknos-4000\/","name":"TEKNOS 4000 - MAQUINA DE OCASION","isPartOf":{"@id":"https:\/\/maquinadeocasion.es\/en\/#website"},"primaryImageOfPage":{"@id":"https:\/\/maquinadeocasion.es\/en\/tienda\/laser\/teknos-4000\/#primaryimage"},"image":{"@id":"https:\/\/maquinadeocasion.es\/en\/tienda\/laser\/teknos-4000\/#primaryimage"},"thumbnailUrl":"https:\/\/maquinadeocasion.es\/wp-content\/uploads\/2025\/06\/1545.jpg","datePublished":"2025-06-02T06:54:00+00:00","dateModified":"2025-07-15T11:55:48+00:00","description":"M\u00e1quina de corte (plasma, oxicorte y taladro) para grandes dimensiones TECOI modelo TEKNOS del 2017 en buen estado. M\u00e1quina de Ocasi\u00f3n.","breadcrumb":{"@id":"https:\/\/maquinadeocasion.es\/en\/tienda\/laser\/teknos-4000\/#breadcrumb"},"inLanguage":"en-US","potentialAction":[{"@type":"ReadAction","target":["https:\/\/maquinadeocasion.es\/en\/tienda\/laser\/teknos-4000\/"]}]},{"@type":"ImageObject","inLanguage":"en-US","@id":"https:\/\/maquinadeocasion.es\/en\/tienda\/laser\/teknos-4000\/#primaryimage","url":"https:\/\/maquinadeocasion.es\/wp-content\/uploads\/2025\/06\/1545.jpg","contentUrl":"https:\/\/maquinadeocasion.es\/wp-content\/uploads\/2025\/06\/1545.jpg","width":1536,"height":1482},{"@type":"BreadcrumbList","@id":"https:\/\/maquinadeocasion.es\/en\/tienda\/laser\/teknos-4000\/#breadcrumb","itemListElement":[{"@type":"ListItem","position":1,"name":"Inicio","item":"https:\/\/maquinadeocasion.es\/en\/second-hand-machine\/"},{"@type":"ListItem","position":2,"name":"Tienda","item":"https:\/\/maquinadeocasion.es\/tienda\/"},{"@type":"ListItem","position":3,"name":"Plasma","item":"https:\/\/maquinadeocasion.es\/categoria-producto\/plasma\/"},{"@type":"ListItem","position":4,"name":"TEKNOS 4000"}]},{"@type":"WebSite","@id":"https:\/\/maquinadeocasion.es\/en\/#website","url":"https:\/\/maquinadeocasion.es\/en\/","name":"MAQUINA DE OCASION","description":"Maquinaria para el corte, deformaci\u00f3n y tratamiento superficial de la chapa met\u00e1lica","potentialAction":[{"@type":"SearchAction","target":{"@type":"EntryPoint","urlTemplate":"https:\/\/maquinadeocasion.es\/en\/?s={search_term_string}"},"query-input":{"@type":"PropertyValueSpecification","valueRequired":true,"valueName":"search_term_string"}}],"inLanguage":"en-US"}]}},"_links":{"self":[{"href":"https:\/\/maquinadeocasion.es\/en\/wp-json\/wp\/v2\/product\/3776","targetHints":{"allow":["GET"]}}],"collection":[{"href":"https:\/\/maquinadeocasion.es\/en\/wp-json\/wp\/v2\/product"}],"about":[{"href":"https:\/\/maquinadeocasion.es\/en\/wp-json\/wp\/v2\/types\/product"}],"replies":[{"embeddable":true,"href":"https:\/\/maquinadeocasion.es\/en\/wp-json\/wp\/v2\/comments?post=3776"}],"wp:featuredmedia":[{"embeddable":true,"href":"https:\/\/maquinadeocasion.es\/en\/wp-json\/wp\/v2\/media\/3777"}],"wp:attachment":[{"href":"https:\/\/maquinadeocasion.es\/en\/wp-json\/wp\/v2\/media?parent=3776"}],"wp:term":[{"taxonomy":"product_brand","embeddable":true,"href":"https:\/\/maquinadeocasion.es\/en\/wp-json\/wp\/v2\/product_brand?post=3776"},{"taxonomy":"product_cat","embeddable":true,"href":"https:\/\/maquinadeocasion.es\/en\/wp-json\/wp\/v2\/product_cat?post=3776"},{"taxonomy":"product_tag","embeddable":true,"href":"https:\/\/maquinadeocasion.es\/en\/wp-json\/wp\/v2\/product_tag?post=3776"}],"curies":[{"name":"wp","href":"https:\/\/api.w.org\/{rel}","templated":true}]}}