{"id":3765,"date":"2025-06-02T08:29:41","date_gmt":"2025-06-02T06:29:41","guid":{"rendered":"https:\/\/maquinadeocasion.es\/?post_type=product&#038;p=3765"},"modified":"2026-01-29T11:08:55","modified_gmt":"2026-01-29T10:08:55","slug":"3765","status":"publish","type":"product","link":"https:\/\/maquinadeocasion.es\/en\/tienda\/desbarbadora-lijadora\/3765\/","title":{"rendered":"SMD 345 REER"},"content":{"rendered":"<div class=\"fusion-fullwidth fullwidth-box fusion-builder-row-1 fusion-flex-container has-pattern-background has-mask-background nonhundred-percent-fullwidth non-hundred-percent-height-scrolling\" style=\"--awb-border-radius-top-left:0px;--awb-border-radius-top-right:0px;--awb-border-radius-bottom-right:0px;--awb-border-radius-bottom-left:0px;--awb-flex-wrap:wrap;\" ><div class=\"fusion-builder-row fusion-row fusion-flex-align-items-flex-start fusion-flex-content-wrap\" style=\"max-width:1185.6px;margin-left: calc(-4% \/ 2 );margin-right: calc(-4% \/ 2 );\"><div class=\"fusion-layout-column fusion_builder_column fusion-builder-column-0 fusion_builder_column_1_1 1_1 fusion-flex-column\" style=\"--awb-bg-size:cover;--awb-width-large:100%;--awb-margin-top-large:0px;--awb-spacing-right-large:1.92%;--awb-margin-bottom-large:0px;--awb-spacing-left-large:1.92%;--awb-width-medium:100%;--awb-order-medium:0;--awb-spacing-right-medium:1.92%;--awb-spacing-left-medium:1.92%;--awb-width-small:100%;--awb-order-small:0;--awb-spacing-right-small:1.92%;--awb-spacing-left-small:1.92%;\"><div class=\"fusion-column-wrapper fusion-column-has-shadow fusion-flex-justify-content-flex-start fusion-content-layout-column\"><div class=\"fusion-text fusion-text-1\"><p>M\u00e1quina para desbarbado y redondeo de cantos en piezas peque\u00f1as con funcionamiento en seco.<\/p>\n<ul>\n<li>Ancho de paso: 1.350 mm.<\/li>\n<li>Rango de espesor en material a tratar: 1 &#8211; 120 mm.<\/li>\n<li>Potencia: 41,9kW.<\/li>\n<li>Velocidad de avance variable: 0,3 &#8211; 8,0 m\/min.<\/li>\n<li>Carga: hasta 500 Kg.<\/li>\n<li>Voltaje: 480 V \/ 50 Hz.<\/li>\n<li>Peso: 5800 kg.<\/li>\n<li>Dimensiones (an.\/pr.\/al.): aprox. 2170\/3800\/2260 mm.<\/li>\n<\/ul>\n<p>El dise\u00f1o de los cabezales rotatorios garantiza un resultado de procesamiento uniforme en todo el ancho de trabajo.<\/p>\n<p>Adecuado para procesar diversos materiales, incluidos acero, acero inoxidable y aluminio. Procesado de chapas con revestimiento, l\u00e1minas l\u00e1ser, impresiones o agujeros perforados. Procesamiento simult\u00e1neo de diferentes espesores de material.<\/p>\n<p>M\u00e1ximo contacto de la herramienta con las piezas para un redondeo perfecto de los bordes con un radio de hasta 2 mm. Pieza m\u00ednima 50 x 50 mm, independientemente de su geometr\u00eda.<\/p>\n<p>La memoria de programas se encarga de los ajustes autom\u00e1ticos de la m\u00e1quina y de los resultados de procesamiento reproducibles.<\/p>\n<p>El sistema de cambio r\u00e1pido de herramientas mantiene los tiempos de configuraci\u00f3n al m\u00ednimo.<\/p>\n<\/div><\/div><\/div><\/div><\/div>\n","protected":false},"excerpt":{"rendered":"","protected":false},"featured_media":3766,"comment_status":"open","ping_status":"closed","template":"","meta":{"_acf_changed":false},"product_brand":[],"product_cat":[18],"product_tag":[46],"class_list":{"0":"post-3765","1":"product","2":"type-product","3":"status-publish","4":"has-post-thumbnail","6":"product_cat-desbarbadora-lijadora","7":"product_tag-lissmac","9":"first","10":"instock","11":"shipping-taxable","12":"product-type-simple"},"acf":[],"yoast_head":"<!-- This site is optimized with the Yoast SEO plugin v26.5 - https:\/\/yoast.com\/wordpress\/plugins\/seo\/ -->\n<title>SMD 345 REER - MAQUINA DE OCASION<\/title>\n<meta name=\"robots\" content=\"index, follow, max-snippet:-1, max-image-preview:large, max-video-preview:-1\" \/>\n<link rel=\"canonical\" href=\"https:\/\/maquinadeocasion.es\/en\/tienda\/desbarbadora-lijadora\/3765\/\" \/>\n<meta property=\"og:locale\" content=\"en_US\" \/>\n<meta property=\"og:type\" content=\"article\" \/>\n<meta property=\"og:title\" content=\"SMD 345 REER - MAQUINA DE OCASION\" \/>\n<meta property=\"og:url\" content=\"https:\/\/maquinadeocasion.es\/en\/tienda\/desbarbadora-lijadora\/3765\/\" \/>\n<meta property=\"og:site_name\" content=\"MAQUINA DE OCASION\" \/>\n<meta property=\"article:modified_time\" content=\"2026-01-29T10:08:55+00:00\" \/>\n<meta property=\"og:image\" content=\"https:\/\/maquinadeocasion.es\/wp-content\/uploads\/2025\/06\/1539.jpg\" \/>\n\t<meta property=\"og:image:width\" content=\"1536\" \/>\n\t<meta property=\"og:image:height\" content=\"1482\" \/>\n\t<meta property=\"og:image:type\" content=\"image\/jpeg\" \/>\n<meta name=\"twitter:card\" content=\"summary_large_image\" \/>\n<meta name=\"twitter:label1\" content=\"Est. reading time\" \/>\n\t<meta name=\"twitter:data1\" content=\"1 minute\" \/>\n<script type=\"application\/ld+json\" class=\"yoast-schema-graph\">{\"@context\":\"https:\/\/schema.org\",\"@graph\":[{\"@type\":\"WebPage\",\"@id\":\"https:\/\/maquinadeocasion.es\/en\/tienda\/desbarbadora-lijadora\/3765\/\",\"url\":\"https:\/\/maquinadeocasion.es\/en\/tienda\/desbarbadora-lijadora\/3765\/\",\"name\":\"SMD 345 REER - MAQUINA DE OCASION\",\"isPartOf\":{\"@id\":\"https:\/\/maquinadeocasion.es\/en\/#website\"},\"primaryImageOfPage\":{\"@id\":\"https:\/\/maquinadeocasion.es\/en\/tienda\/desbarbadora-lijadora\/3765\/#primaryimage\"},\"image\":{\"@id\":\"https:\/\/maquinadeocasion.es\/en\/tienda\/desbarbadora-lijadora\/3765\/#primaryimage\"},\"thumbnailUrl\":\"https:\/\/maquinadeocasion.es\/wp-content\/uploads\/2025\/06\/1539.jpg\",\"datePublished\":\"2025-06-02T06:29:41+00:00\",\"dateModified\":\"2026-01-29T10:08:55+00:00\",\"breadcrumb\":{\"@id\":\"https:\/\/maquinadeocasion.es\/en\/tienda\/desbarbadora-lijadora\/3765\/#breadcrumb\"},\"inLanguage\":\"en-US\",\"potentialAction\":[{\"@type\":\"ReadAction\",\"target\":[\"https:\/\/maquinadeocasion.es\/en\/tienda\/desbarbadora-lijadora\/3765\/\"]}]},{\"@type\":\"ImageObject\",\"inLanguage\":\"en-US\",\"@id\":\"https:\/\/maquinadeocasion.es\/en\/tienda\/desbarbadora-lijadora\/3765\/#primaryimage\",\"url\":\"https:\/\/maquinadeocasion.es\/wp-content\/uploads\/2025\/06\/1539.jpg\",\"contentUrl\":\"https:\/\/maquinadeocasion.es\/wp-content\/uploads\/2025\/06\/1539.jpg\",\"width\":1536,\"height\":1482},{\"@type\":\"BreadcrumbList\",\"@id\":\"https:\/\/maquinadeocasion.es\/en\/tienda\/desbarbadora-lijadora\/3765\/#breadcrumb\",\"itemListElement\":[{\"@type\":\"ListItem\",\"position\":1,\"name\":\"Inicio\",\"item\":\"https:\/\/maquinadeocasion.es\/en\/second-hand-machine\/\"},{\"@type\":\"ListItem\",\"position\":2,\"name\":\"Tienda\",\"item\":\"https:\/\/maquinadeocasion.es\/tienda\/\"},{\"@type\":\"ListItem\",\"position\":3,\"name\":\"Desbarbadora \/ lijadora\",\"item\":\"https:\/\/maquinadeocasion.es\/categoria-producto\/desbarbadora-lijadora\/\"},{\"@type\":\"ListItem\",\"position\":4,\"name\":\"SMD 345 REER\"}]},{\"@type\":\"WebSite\",\"@id\":\"https:\/\/maquinadeocasion.es\/en\/#website\",\"url\":\"https:\/\/maquinadeocasion.es\/en\/\",\"name\":\"MAQUINA DE OCASION\",\"description\":\"Maquinaria para el corte, deformaci\u00f3n y tratamiento superficial de la chapa met\u00e1lica\",\"potentialAction\":[{\"@type\":\"SearchAction\",\"target\":{\"@type\":\"EntryPoint\",\"urlTemplate\":\"https:\/\/maquinadeocasion.es\/en\/?s={search_term_string}\"},\"query-input\":{\"@type\":\"PropertyValueSpecification\",\"valueRequired\":true,\"valueName\":\"search_term_string\"}}],\"inLanguage\":\"en-US\"}]}<\/script>\n<!-- \/ Yoast SEO plugin. -->","yoast_head_json":{"title":"SMD 345 REER - MAQUINA DE OCASION","robots":{"index":"index","follow":"follow","max-snippet":"max-snippet:-1","max-image-preview":"max-image-preview:large","max-video-preview":"max-video-preview:-1"},"canonical":"https:\/\/maquinadeocasion.es\/en\/tienda\/desbarbadora-lijadora\/3765\/","og_locale":"en_US","og_type":"article","og_title":"SMD 345 REER - MAQUINA DE OCASION","og_url":"https:\/\/maquinadeocasion.es\/en\/tienda\/desbarbadora-lijadora\/3765\/","og_site_name":"MAQUINA DE OCASION","article_modified_time":"2026-01-29T10:08:55+00:00","og_image":[{"width":1536,"height":1482,"url":"https:\/\/maquinadeocasion.es\/wp-content\/uploads\/2025\/06\/1539.jpg","type":"image\/jpeg"}],"twitter_card":"summary_large_image","twitter_misc":{"Est. reading time":"1 minute"},"schema":{"@context":"https:\/\/schema.org","@graph":[{"@type":"WebPage","@id":"https:\/\/maquinadeocasion.es\/en\/tienda\/desbarbadora-lijadora\/3765\/","url":"https:\/\/maquinadeocasion.es\/en\/tienda\/desbarbadora-lijadora\/3765\/","name":"SMD 345 REER - MAQUINA DE OCASION","isPartOf":{"@id":"https:\/\/maquinadeocasion.es\/en\/#website"},"primaryImageOfPage":{"@id":"https:\/\/maquinadeocasion.es\/en\/tienda\/desbarbadora-lijadora\/3765\/#primaryimage"},"image":{"@id":"https:\/\/maquinadeocasion.es\/en\/tienda\/desbarbadora-lijadora\/3765\/#primaryimage"},"thumbnailUrl":"https:\/\/maquinadeocasion.es\/wp-content\/uploads\/2025\/06\/1539.jpg","datePublished":"2025-06-02T06:29:41+00:00","dateModified":"2026-01-29T10:08:55+00:00","breadcrumb":{"@id":"https:\/\/maquinadeocasion.es\/en\/tienda\/desbarbadora-lijadora\/3765\/#breadcrumb"},"inLanguage":"en-US","potentialAction":[{"@type":"ReadAction","target":["https:\/\/maquinadeocasion.es\/en\/tienda\/desbarbadora-lijadora\/3765\/"]}]},{"@type":"ImageObject","inLanguage":"en-US","@id":"https:\/\/maquinadeocasion.es\/en\/tienda\/desbarbadora-lijadora\/3765\/#primaryimage","url":"https:\/\/maquinadeocasion.es\/wp-content\/uploads\/2025\/06\/1539.jpg","contentUrl":"https:\/\/maquinadeocasion.es\/wp-content\/uploads\/2025\/06\/1539.jpg","width":1536,"height":1482},{"@type":"BreadcrumbList","@id":"https:\/\/maquinadeocasion.es\/en\/tienda\/desbarbadora-lijadora\/3765\/#breadcrumb","itemListElement":[{"@type":"ListItem","position":1,"name":"Inicio","item":"https:\/\/maquinadeocasion.es\/en\/second-hand-machine\/"},{"@type":"ListItem","position":2,"name":"Tienda","item":"https:\/\/maquinadeocasion.es\/tienda\/"},{"@type":"ListItem","position":3,"name":"Desbarbadora \/ lijadora","item":"https:\/\/maquinadeocasion.es\/categoria-producto\/desbarbadora-lijadora\/"},{"@type":"ListItem","position":4,"name":"SMD 345 REER"}]},{"@type":"WebSite","@id":"https:\/\/maquinadeocasion.es\/en\/#website","url":"https:\/\/maquinadeocasion.es\/en\/","name":"MAQUINA DE OCASION","description":"Maquinaria para el corte, deformaci\u00f3n y tratamiento superficial de la chapa met\u00e1lica","potentialAction":[{"@type":"SearchAction","target":{"@type":"EntryPoint","urlTemplate":"https:\/\/maquinadeocasion.es\/en\/?s={search_term_string}"},"query-input":{"@type":"PropertyValueSpecification","valueRequired":true,"valueName":"search_term_string"}}],"inLanguage":"en-US"}]}},"_links":{"self":[{"href":"https:\/\/maquinadeocasion.es\/en\/wp-json\/wp\/v2\/product\/3765","targetHints":{"allow":["GET"]}}],"collection":[{"href":"https:\/\/maquinadeocasion.es\/en\/wp-json\/wp\/v2\/product"}],"about":[{"href":"https:\/\/maquinadeocasion.es\/en\/wp-json\/wp\/v2\/types\/product"}],"replies":[{"embeddable":true,"href":"https:\/\/maquinadeocasion.es\/en\/wp-json\/wp\/v2\/comments?post=3765"}],"wp:featuredmedia":[{"embeddable":true,"href":"https:\/\/maquinadeocasion.es\/en\/wp-json\/wp\/v2\/media\/3766"}],"wp:attachment":[{"href":"https:\/\/maquinadeocasion.es\/en\/wp-json\/wp\/v2\/media?parent=3765"}],"wp:term":[{"taxonomy":"product_brand","embeddable":true,"href":"https:\/\/maquinadeocasion.es\/en\/wp-json\/wp\/v2\/product_brand?post=3765"},{"taxonomy":"product_cat","embeddable":true,"href":"https:\/\/maquinadeocasion.es\/en\/wp-json\/wp\/v2\/product_cat?post=3765"},{"taxonomy":"product_tag","embeddable":true,"href":"https:\/\/maquinadeocasion.es\/en\/wp-json\/wp\/v2\/product_tag?post=3765"}],"curies":[{"name":"wp","href":"https:\/\/api.w.org\/{rel}","templated":true}]}}